{"id":2278,"date":"2024-07-23T21:21:47","date_gmt":"2024-07-23T14:21:47","guid":{"rendered":"https:\/\/khoatritruong.com\/?page_id=2278"},"modified":"2024-07-23T22:05:46","modified_gmt":"2024-07-23T15:05:46","slug":"danh-cho-benh-nhan","status":"publish","type":"page","link":"https:\/\/khoatritruong.com\/index.php\/danh-cho-benh-nhan\/","title":{"rendered":"D\u00e0nh cho ng\u01b0\u1eddi b\u1ec7nh"},"content":{"rendered":"<span class=\"rt-reading-time\" style=\"display: block;\"><span class=\"rt-label rt-prefix\">\u23f3Th\u1eddi gian \u0111\u1ecdc: <\/span> <span class=\"rt-time\">5<\/span> <span class=\"rt-label rt-postfix\">ph\u00fat<\/span><\/span>\t\t<div data-elementor-type=\"wp-page\" data-elementor-id=\"2278\" class=\"elementor elementor-2278\">\n\t\t\t\t\t\t\t\t\t<section class=\"elementor-section elementor-top-section elementor-element elementor-element-f2f58fe elementor-section-boxed elementor-section-height-default elementor-section-height-default\" data-id=\"f2f58fe\" data-element_type=\"section\">\n\t\t\t\t\t\t<div class=\"elementor-container elementor-column-gap-default\">\n\t\t\t\t\t<div class=\"elementor-column elementor-col-100 elementor-top-column elementor-element elementor-element-a72ebea\" data-id=\"a72ebea\" data-element_type=\"column\">\n\t\t\t<div class=\"elementor-widget-wrap elementor-element-populated\">\n\t\t\t\t\t\t\t\t<div class=\"elementor-element elementor-element-0407b8f elementor-widget elementor-widget-heading\" data-id=\"0407b8f\" data-element_type=\"widget\" data-widget_type=\"heading.default\">\n\t\t\t\t<div class=\"elementor-widget-container\">\n\t\t\t<style>\/*! elementor - v3.16.0 - 14-09-2023 *\/\n.elementor-heading-title{padding:0;margin:0;line-height:1}.elementor-widget-heading .elementor-heading-title[class*=elementor-size-]>a{color:inherit;font-size:inherit;line-height:inherit}.elementor-widget-heading .elementor-heading-title.elementor-size-small{font-size:15px}.elementor-widget-heading .elementor-heading-title.elementor-size-medium{font-size:19px}.elementor-widget-heading .elementor-heading-title.elementor-size-large{font-size:29px}.elementor-widget-heading .elementor-heading-title.elementor-size-xl{font-size:39px}.elementor-widget-heading .elementor-heading-title.elementor-size-xxl{font-size:59px}<\/style><h2 class=\"elementor-heading-title elementor-size-default\">D\u00c0NH CHO NG\u01af\u1edcI B\u1ec6NH<\/h2>\t\t<\/div>\n\t\t\t\t<\/div>\n\t\t\t\t\t<\/div>\n\t\t<\/div>\n\t\t\t\t\t\t\t<\/div>\n\t\t<\/section>\n\t\t\t\t<section class=\"elementor-section elementor-top-section elementor-element elementor-element-e46ee25 elementor-section-boxed elementor-section-height-default elementor-section-height-default\" data-id=\"e46ee25\" data-element_type=\"section\">\n\t\t\t\t\t\t<div class=\"elementor-container elementor-column-gap-default\">\n\t\t\t\t\t<div class=\"elementor-column elementor-col-100 elementor-top-column elementor-element elementor-element-41daba8\" data-id=\"41daba8\" data-element_type=\"column\">\n\t\t\t<div class=\"elementor-widget-wrap elementor-element-populated\">\n\t\t\t\t\t\t\t\t<div class=\"elementor-element elementor-element-09347eb elementor-widget elementor-widget-text-editor\" data-id=\"09347eb\" data-element_type=\"widget\" data-widget_type=\"text-editor.default\">\n\t\t\t\t<div class=\"elementor-widget-container\">\n\t\t\t<style>\/*! elementor - v3.16.0 - 14-09-2023 *\/\n.elementor-widget-text-editor.elementor-drop-cap-view-stacked .elementor-drop-cap{background-color:#69727d;color:#fff}.elementor-widget-text-editor.elementor-drop-cap-view-framed .elementor-drop-cap{color:#69727d;border:3px solid;background-color:transparent}.elementor-widget-text-editor:not(.elementor-drop-cap-view-default) .elementor-drop-cap{margin-top:8px}.elementor-widget-text-editor:not(.elementor-drop-cap-view-default) .elementor-drop-cap-letter{width:1em;height:1em}.elementor-widget-text-editor .elementor-drop-cap{float:left;text-align:center;line-height:1;font-size:50px}.elementor-widget-text-editor .elementor-drop-cap-letter{display:inline-block}<\/style>\t\t\t\t<p>\u1ede \u0111\u00e2y c\u00f3 tr\u1ea3 l\u1eddi m\u1ecdi c\u00e2u h\u1ecfi v\u1ec1 b\u1ec7nh l\u00fd c\u01a1 x\u01b0\u01a1ng kh\u1edbp.<\/p>\t\t\t\t\t\t<\/div>\n\t\t\t\t<\/div>\n\t\t\t\t\t<\/div>\n\t\t<\/div>\n\t\t\t\t\t\t\t<\/div>\n\t\t<\/section>\n\t\t\t\t<section class=\"elementor-section elementor-top-section elementor-element elementor-element-d5dd512 elementor-section-boxed elementor-section-height-default elementor-section-height-default\" data-id=\"d5dd512\" data-element_type=\"section\">\n\t\t\t\t\t\t<div class=\"elementor-container elementor-column-gap-default\">\n\t\t\t\t\t<div class=\"elementor-column elementor-col-100 elementor-top-column elementor-element elementor-element-0724509\" data-id=\"0724509\" data-element_type=\"column\">\n\t\t\t<div class=\"elementor-widget-wrap elementor-element-populated\">\n\t\t\t\t\t\t\t\t<div class=\"elementor-element elementor-element-0ace01c meta-visibility-show section-title-style-style1 title_position_default title_hover_border_default title-default img_hover_animation_default meta_position_default readmore-btn-default-style grid-hover-overlay-type-always tpg-el-box-border-enable tpg-border-bottom-disable elementor-widget elementor-widget-tpg-list-layout\" data-id=\"0ace01c\" data-element_type=\"widget\" data-widget_type=\"tpg-list-layout.default\">\n\t\t\t\t<div class=\"elementor-widget-container\">\n\t\t\t\r\n        <div class=\"rt-container-fluid rt-tpg-container tpg-el-main-wrapper list-layout1-main \"\r\n             data-sc-id=\"elementor\"\r\n             id=\"rt-tpg-container-295043876\"\r\n             data-layout=\"list-layout1\"\r\n             data-grid-style=\"tpg-even\"\r\n             data-el-settings=''\r\n             data-el-query=''\r\n             data-el-path=''\r\n        >\r\n\t\t\t<div class='tpg-header-wrapper '>\r\n        <div class=\"tpg-widget-heading-wrapper rt-clear heading-style1 \">\r\n            <span class=\"tpg-widget-heading-line line-left\"><\/span>\r\n\r\n\t\t\t<h2 class='tpg-widget-heading'>\r\n\t\t\t\r\n\t\t\t\t                    <span>\r\n                        Vi\u00eam kh\u1edbp d\u1ea1ng th\u1ea5p                    <\/span>\r\n\t\t\t\t\t\r\n\t\t\t\t\t\t\t<\/h2>            <span class=\"tpg-widget-heading-line line-right\"><\/span>\r\n\r\n\t\t\t\r\n        <\/div>\r\n\r\n\t\t\r\n\t\t<\/div>\r\n            <div data-title=\"Loading ...\" class=\"rt-row rt-content-loader list-layout1 tpg-even list-behaviour list-layout-wrapper\">\r\n\t\t\t\t\r\n<div class=\"rt-col-md-12 rt-col-sm-12 rt-col-xs-12 default rt-list-item rt-grid-item\" data-id=\"2220\">\r\n\t<div class=\"rt-holder tpg-post-holder\">\r\n\t\t<div class=\"rt-detail rt-el-content-wrapper\">\r\n\t\t\t\t\t\t\t<div class=\"rt-img-holder tpg-el-image-wrap has-thumbnail\">\r\n\t\t\t\t\t<a data-id=\"2220\" href=\"https:\/\/khoatritruong.com\/index.php\/2023\/09\/30\/viem-khop-dang-thap-co-ngung-dieu-tri-duoc-khong\/\" class=\"tpg-post-link\" target=\"_self\">                        <img loading=\"lazy\" decoding=\"async\" src=\"https:\/\/khoatritruong.com\/wp-content\/uploads\/2023\/09\/DMARD-withdrawal-768x433.png\"\r\n                             class=\"rt-img-responsive\"\r\n                             width=\"768\"\r\n                             height=\"433\"\r\n                             alt=\"DMARD withdrawal\">\r\n\t\t\t\t\t\t\r\n\t\t\t\t\t\t\t\r\n\t\t<\/a>\r\n\t\t        <div class=\"overlay grid-hover-content\"><\/div>\r\n\t\t\t\t\t\t<\/div>\r\n\t\t\t\r\n\t\t\t<div class=\"post-right-content\">\r\n\t\t\t\t<div class=\"entry-title-wrapper\"><h3 class=\"entry-title\"><a data-id=\"2220\" href=\"https:\/\/khoatritruong.com\/index.php\/2023\/09\/30\/viem-khop-dang-thap-co-ngung-dieu-tri-duoc-khong\/\" class=\"tpg-post-link\" target=\"_self\">Vi\u00eam kh\u1edbp d\u1ea1ng th\u1ea5p c\u00f3 ng\u01b0ng \u0111i\u1ec1u tr\u1ecb \u0111\u01b0\u1ee3c kh\u00f4ng?<\/a><\/h3><\/div>\r\n\t\t\t\t\t\t\t\t\t<div class=\"post-meta-tags rt-el-post-meta\">\r\n\t\t\t\t\t\t            <span class='date'>\r\n\r\n\t\t\t\t<i class='far fa-calendar-alt '><\/i>\t\t\t\t<a href=\"https:\/\/khoatritruong.com\/index.php\/2023\/09\/30\/\">\r\n\t\t\t\t\t30 Th\u00e1ng ch\u00edn, 2023\t\t\t\t<\/a>\r\n\t\t\t<\/span>\r\n\t\t\t\t\t\t\t\t<\/div>\r\n\t\t\t\t\r\n\t\t\t\t\r\n\t\t\t\t        <div class=\"post-footer\">\r\n            <div class=\"post-footer\">\r\n                <div class=\"read-more\">\r\n\t\t\t\t\t<a data-id=\"2220\" href=\"https:\/\/khoatritruong.com\/index.php\/2023\/09\/30\/viem-khop-dang-thap-co-ngung-dieu-tri-duoc-khong\/\" class=\"tpg-post-link\" target=\"_self\">\u0110\u1ecdc th\u00eam<\/a>                <\/div>\r\n            <\/div>\r\n        <\/div>\r\n\t\t\t\t\t<\/div>\r\n\t\t<\/div>\r\n\t<\/div>\r\n<\/div>\r\n\r\n<div class=\"rt-col-md-12 rt-col-sm-12 rt-col-xs-12 default rt-list-item rt-grid-item\" data-id=\"2201\">\r\n\t<div class=\"rt-holder tpg-post-holder\">\r\n\t\t<div class=\"rt-detail rt-el-content-wrapper\">\r\n\t\t\t\t\t\t\t<div class=\"rt-img-holder tpg-el-image-wrap has-thumbnail\">\r\n\t\t\t\t\t<a data-id=\"2201\" href=\"https:\/\/khoatritruong.com\/index.php\/2023\/09\/23\/mang-thai-co-khoi-benh-viem-khop-dang-thap\/\" class=\"tpg-post-link\" target=\"_self\">                        <img loading=\"lazy\" decoding=\"async\" src=\"https:\/\/khoatritruong.com\/wp-content\/uploads\/2023\/09\/RA-and-pregnancy-768x433.png\"\r\n                             class=\"rt-img-responsive\"\r\n                             width=\"768\"\r\n                             height=\"433\"\r\n                             alt=\"RA and pregnancy\">\r\n\t\t\t\t\t\t\r\n\t\t\t\t\t\t\t\r\n\t\t<\/a>\r\n\t\t        <div class=\"overlay grid-hover-content\"><\/div>\r\n\t\t\t\t\t\t<\/div>\r\n\t\t\t\r\n\t\t\t<div class=\"post-right-content\">\r\n\t\t\t\t<div class=\"entry-title-wrapper\"><h3 class=\"entry-title\"><a data-id=\"2201\" href=\"https:\/\/khoatritruong.com\/index.php\/2023\/09\/23\/mang-thai-co-khoi-benh-viem-khop-dang-thap\/\" class=\"tpg-post-link\" target=\"_self\">Mang thai c\u00f3 kh\u1ecfi b\u1ec7nh vi\u00eam kh\u1edbp d\u1ea1ng th\u1ea5p?<\/a><\/h3><\/div>\r\n\t\t\t\t\t\t\t\t\t<div class=\"post-meta-tags rt-el-post-meta\">\r\n\t\t\t\t\t\t            <span class='date'>\r\n\r\n\t\t\t\t<i class='far fa-calendar-alt '><\/i>\t\t\t\t<a href=\"https:\/\/khoatritruong.com\/index.php\/2023\/09\/23\/\">\r\n\t\t\t\t\t23 Th\u00e1ng ch\u00edn, 2023\t\t\t\t<\/a>\r\n\t\t\t<\/span>\r\n\t\t\t\t\t\t\t\t<\/div>\r\n\t\t\t\t\r\n\t\t\t\t\r\n\t\t\t\t        <div class=\"post-footer\">\r\n            <div class=\"post-footer\">\r\n                <div class=\"read-more\">\r\n\t\t\t\t\t<a data-id=\"2201\" href=\"https:\/\/khoatritruong.com\/index.php\/2023\/09\/23\/mang-thai-co-khoi-benh-viem-khop-dang-thap\/\" class=\"tpg-post-link\" target=\"_self\">\u0110\u1ecdc th\u00eam<\/a>                <\/div>\r\n            <\/div>\r\n        <\/div>\r\n\t\t\t\t\t<\/div>\r\n\t\t<\/div>\r\n\t<\/div>\r\n<\/div>\r\n\r\n<div class=\"rt-col-md-12 rt-col-sm-12 rt-col-xs-12 default rt-list-item rt-grid-item\" data-id=\"2151\">\r\n\t<div class=\"rt-holder tpg-post-holder\">\r\n\t\t<div class=\"rt-detail rt-el-content-wrapper\">\r\n\t\t\t\t\t\t\t<div class=\"rt-img-holder tpg-el-image-wrap has-thumbnail\">\r\n\t\t\t\t\t<a data-id=\"2151\" href=\"https:\/\/khoatritruong.com\/index.php\/2023\/09\/09\/viem-khop-dang-thap-co-lay-lan-khong\/\" class=\"tpg-post-link\" target=\"_self\">                        <img loading=\"lazy\" decoding=\"async\" src=\"https:\/\/khoatritruong.com\/wp-content\/uploads\/2023\/09\/Is-rheumatoid-arthritis-transmitable-768x432.png\"\r\n                             class=\"rt-img-responsive\"\r\n                             width=\"768\"\r\n                             height=\"432\"\r\n                             alt=\"Is rheumatoid arthritis transmitable\">\r\n\t\t\t\t\t\t\r\n\t\t\t\t\t\t\t\r\n\t\t<\/a>\r\n\t\t        <div class=\"overlay grid-hover-content\"><\/div>\r\n\t\t\t\t\t\t<\/div>\r\n\t\t\t\r\n\t\t\t<div class=\"post-right-content\">\r\n\t\t\t\t<div class=\"entry-title-wrapper\"><h3 class=\"entry-title\"><a data-id=\"2151\" href=\"https:\/\/khoatritruong.com\/index.php\/2023\/09\/09\/viem-khop-dang-thap-co-lay-lan-khong\/\" class=\"tpg-post-link\" target=\"_self\">Vi\u00eam kh\u1edbp d\u1ea1ng th\u1ea5p c\u00f3 l\u00e2y lan kh\u00f4ng?<\/a><\/h3><\/div>\r\n\t\t\t\t\t\t\t\t\t<div class=\"post-meta-tags rt-el-post-meta\">\r\n\t\t\t\t\t\t            <span class='date'>\r\n\r\n\t\t\t\t<i class='far fa-calendar-alt '><\/i>\t\t\t\t<a href=\"https:\/\/khoatritruong.com\/index.php\/2023\/09\/09\/\">\r\n\t\t\t\t\t9 Th\u00e1ng ch\u00edn, 2023\t\t\t\t<\/a>\r\n\t\t\t<\/span>\r\n\t\t\t\t\t\t\t\t<\/div>\r\n\t\t\t\t\r\n\t\t\t\t\r\n\t\t\t\t        <div class=\"post-footer\">\r\n            <div class=\"post-footer\">\r\n                <div class=\"read-more\">\r\n\t\t\t\t\t<a data-id=\"2151\" href=\"https:\/\/khoatritruong.com\/index.php\/2023\/09\/09\/viem-khop-dang-thap-co-lay-lan-khong\/\" class=\"tpg-post-link\" target=\"_self\">\u0110\u1ecdc th\u00eam<\/a>                <\/div>\r\n            <\/div>\r\n        <\/div>\r\n\t\t\t\t\t<\/div>\r\n\t\t<\/div>\r\n\t<\/div>\r\n<\/div>\r\n            <\/div>\r\n\r\n\t\t\t\r\n        <\/div>\r\n\t\t\t\t<\/div>\n\t\t\t\t<\/div>\n\t\t\t\t\t<\/div>\n\t\t<\/div>\n\t\t\t\t\t\t\t<\/div>\n\t\t<\/section>\n\t\t\t\t<section class=\"elementor-section elementor-top-section elementor-element elementor-element-8de2796 elementor-section-boxed elementor-section-height-default elementor-section-height-default\" data-id=\"8de2796\" data-element_type=\"section\">\n\t\t\t\t\t\t<div class=\"elementor-container elementor-column-gap-default\">\n\t\t\t\t\t<div class=\"elementor-column elementor-col-100 elementor-top-column elementor-element elementor-element-7901e0d\" data-id=\"7901e0d\" data-element_type=\"column\">\n\t\t\t<div class=\"elementor-widget-wrap\">\n\t\t\t\t\t\t\t\t\t<\/div>\n\t\t<\/div>\n\t\t\t\t\t\t\t<\/div>\n\t\t<\/section>\n\t\t\t\t\t\t\t<\/div>\n\t\t","protected":false},"excerpt":{"rendered":"<p><span class=\"rt-reading-time\" style=\"display: block;\"><span class=\"rt-label rt-prefix\">\u23f3Th\u1eddi gian \u0111\u1ecdc: <\/span> <span class=\"rt-time\">5<\/span> <span class=\"rt-label rt-postfix\">ph\u00fat<\/span><\/span> D\u00c0NH CHO NG\u01af\u1edcI B\u1ec6NH \u1ede \u0111\u00e2y c\u00f3 tr\u1ea3 l\u1eddi m\u1ecdi c\u00e2u h\u1ecfi v\u1ec1 b\u1ec7nh l\u00fd c\u01a1 x\u01b0\u01a1ng kh\u1edbp. Vi\u00eam kh\u1edbp d\u1ea1ng th\u1ea5p Vi\u00eam kh\u1edbp d\u1ea1ng th\u1ea5p c\u00f3 ng\u01b0ng \u0111i\u1ec1u tr\u1ecb \u0111\u01b0\u1ee3c kh\u00f4ng? 30 Th\u00e1ng Ch\u00edn, 2023 \u0110\u1ecdc th\u00eam Mang thai c\u00f3 kh\u1ecfi b\u1ec7nh vi\u00eam kh\u1edbp d\u1ea1ng th\u1ea5p? 23 Th\u00e1ng Ch\u00edn, 2023 \u0110\u1ecdc th\u00eam Vi\u00eam kh\u1edbp &hellip;<\/p>\n<p class=\"read-more\"> <a class=\"\" href=\"https:\/\/khoatritruong.com\/index.php\/2023\/09\/09\/viem-khop-dang-thap-co-lay-lan-khong\/\"> <span class=\"screen-reader-text\">Vi\u00eam kh\u1edbp d\u1ea1ng th\u1ea5p c\u00f3 l\u00e2y lan kh\u00f4ng?<\/span> Read More &raquo;<\/a><\/p>\n","protected":false},"author":1,"featured_media":0,"parent":0,"menu_order":0,"comment_status":"closed","ping_status":"closed","template":"","meta":{"_monsterinsights_skip_tracking":false,"_monsterinsights_sitenote_active":false,"_monsterinsights_sitenote_note":"","_monsterinsights_sitenote_category":0,"site-sidebar-layout":"no-sidebar","site-content-layout":"page-builder","ast-site-content-layout":"full-width-container","site-content-style":"default","site-sidebar-style":"default","ast-global-header-display":"","ast-banner-title-visibility":"","ast-main-header-display":"","ast-hfb-above-header-display":"","ast-hfb-below-header-display":"","ast-hfb-mobile-header-display":"","site-post-title":"disabled","ast-breadcrumbs-content":"","ast-featured-img":"disabled","footer-sml-layout":"","theme-transparent-header-meta":"","adv-header-id-meta":"","stick-header-meta":"","header-above-stick-meta":"","header-main-stick-meta":"","header-below-stick-meta":"","astra-migrate-meta-layouts":"set","footnotes":""},"class_list":["post-2278","page","type-page","status-publish","hentry"],"aioseo_notices":[],"rttpg_featured_image_url":null,"rttpg_author":{"display_name":"Tr\u01b0\u01a1ng Tr\u00ed Khoa","author_link":"https:\/\/khoatritruong.com\/index.php\/author\/khoatritruong-com\/"},"rttpg_comment":0,"rttpg_category":"","rttpg_excerpt":"\u23f3Th\u1eddi gian \u0111\u1ecdc: 5 ph\u00fat D\u00c0NH CHO NG\u01af\u1edcI B\u1ec6NH \u1ede \u0111\u00e2y c\u00f3 tr\u1ea3 l\u1eddi m\u1ecdi c\u00e2u h\u1ecfi v\u1ec1 b\u1ec7nh l\u00fd c\u01a1 x\u01b0\u01a1ng kh\u1edbp. Vi\u00eam kh\u1edbp d\u1ea1ng th\u1ea5p Vi\u00eam kh\u1edbp d\u1ea1ng th\u1ea5p c\u00f3 ng\u01b0ng \u0111i\u1ec1u tr\u1ecb \u0111\u01b0\u1ee3c kh\u00f4ng? 30 Th\u00e1ng Ch\u00edn, 2023 \u0110\u1ecdc th\u00eam Mang thai c\u00f3 kh\u1ecfi b\u1ec7nh vi\u00eam kh\u1edbp d\u1ea1ng th\u1ea5p? 23 Th\u00e1ng Ch\u00edn,&hellip;","_links":{"self":[{"href":"https:\/\/khoatritruong.com\/index.php\/wp-json\/wp\/v2\/pages\/2278"}],"collection":[{"href":"https:\/\/khoatritruong.com\/index.php\/wp-json\/wp\/v2\/pages"}],"about":[{"href":"https:\/\/khoatritruong.com\/index.php\/wp-json\/wp\/v2\/types\/page"}],"author":[{"embeddable":true,"href":"https:\/\/khoatritruong.com\/index.php\/wp-json\/wp\/v2\/users\/1"}],"replies":[{"embeddable":true,"href":"https:\/\/khoatritruong.com\/index.php\/wp-json\/wp\/v2\/comments?post=2278"}],"version-history":[{"count":9,"href":"https:\/\/khoatritruong.com\/index.php\/wp-json\/wp\/v2\/pages\/2278\/revisions"}],"predecessor-version":[{"id":2304,"href":"https:\/\/khoatritruong.com\/index.php\/wp-json\/wp\/v2\/pages\/2278\/revisions\/2304"}],"wp:attachment":[{"href":"https:\/\/khoatritruong.com\/index.php\/wp-json\/wp\/v2\/media?parent=2278"}],"curies":[{"name":"wp","href":"https:\/\/api.w.org\/{rel}","templated":true}]}}