{"id":1710,"date":"2021-11-21T15:14:19","date_gmt":"2021-11-21T15:14:19","guid":{"rendered":"https:\/\/khoatritruong.com\/index.php\/about-2\/"},"modified":"2024-07-23T21:00:46","modified_gmt":"2024-07-23T14:00:46","slug":"about-2","status":"publish","type":"page","link":"https:\/\/khoatritruong.com\/index.php\/about-2\/","title":{"rendered":"V\u1ec1 t\u00f4i"},"content":{"rendered":"\t\t<div data-elementor-type=\"wp-page\" data-elementor-id=\"1710\" class=\"elementor elementor-1710\">\n\t\t\t\t\t\t\t\t\t<section class=\"elementor-section elementor-top-section elementor-element elementor-element-68f3285 elementor-section-boxed elementor-section-height-default elementor-section-height-default\" data-id=\"68f3285\" data-element_type=\"section\">\n\t\t\t\t\t\t<div class=\"elementor-container elementor-column-gap-default\">\n\t\t\t\t\t<div class=\"elementor-column elementor-col-100 elementor-top-column elementor-element elementor-element-e03f8fe\" data-id=\"e03f8fe\" data-element_type=\"column\">\n\t\t\t<div class=\"elementor-widget-wrap elementor-element-populated\">\n\t\t\t\t\t\t\t\t<div class=\"elementor-element elementor-element-f2c4b4a elementor-widget elementor-widget-heading\" data-id=\"f2c4b4a\" data-element_type=\"widget\" data-widget_type=\"heading.default\">\n\t\t\t\t<div class=\"elementor-widget-container\">\n\t\t\t<style>\/*! elementor - v3.16.0 - 14-09-2023 *\/\n.elementor-heading-title{padding:0;margin:0;line-height:1}.elementor-widget-heading .elementor-heading-title[class*=elementor-size-]>a{color:inherit;font-size:inherit;line-height:inherit}.elementor-widget-heading .elementor-heading-title.elementor-size-small{font-size:15px}.elementor-widget-heading .elementor-heading-title.elementor-size-medium{font-size:19px}.elementor-widget-heading .elementor-heading-title.elementor-size-large{font-size:29px}.elementor-widget-heading .elementor-heading-title.elementor-size-xl{font-size:39px}.elementor-widget-heading .elementor-heading-title.elementor-size-xxl{font-size:59px}<\/style><h1 class=\"elementor-heading-title elementor-size-default\">V\u1ec0 T\u00d4I<\/h1>\t\t<\/div>\n\t\t\t\t<\/div>\n\t\t\t\t\t<\/div>\n\t\t<\/div>\n\t\t\t\t\t\t\t<\/div>\n\t\t<\/section>\n\t\t\t\t<section class=\"elementor-section elementor-top-section elementor-element elementor-element-460970c elementor-section-boxed elementor-section-height-default elementor-section-height-default\" data-id=\"460970c\" data-element_type=\"section\">\n\t\t\t\t\t\t<div class=\"elementor-container elementor-column-gap-wide\">\n\t\t\t\t\t<div class=\"elementor-column elementor-col-50 elementor-top-column elementor-element elementor-element-21f68a6\" data-id=\"21f68a6\" data-element_type=\"column\">\n\t\t\t<div class=\"elementor-widget-wrap elementor-element-populated\">\n\t\t\t\t\t\t\t\t<div class=\"elementor-element elementor-element-670e6d2 e-transform elementor-widget elementor-widget-image\" data-id=\"670e6d2\" data-element_type=\"widget\" data-settings=\"{&quot;_transform_scale_effect_hover&quot;:{&quot;unit&quot;:&quot;px&quot;,&quot;size&quot;:1.1,&quot;sizes&quot;:[]},&quot;_transform_scale_effect_hover_tablet&quot;:{&quot;unit&quot;:&quot;px&quot;,&quot;size&quot;:&quot;&quot;,&quot;sizes&quot;:[]},&quot;_transform_scale_effect_hover_mobile&quot;:{&quot;unit&quot;:&quot;px&quot;,&quot;size&quot;:&quot;&quot;,&quot;sizes&quot;:[]}}\" data-widget_type=\"image.default\">\n\t\t\t\t<div class=\"elementor-widget-container\">\n\t\t\t<style>\/*! elementor - v3.16.0 - 14-09-2023 *\/\n.elementor-widget-image{text-align:center}.elementor-widget-image a{display:inline-block}.elementor-widget-image a img[src$=\".svg\"]{width:48px}.elementor-widget-image img{vertical-align:middle;display:inline-block}<\/style>\t\t\t\t\t\t\t\t\t\t\t\t<img loading=\"lazy\" decoding=\"async\" width=\"1024\" height=\"1024\" src=\"https:\/\/khoatritruong.com\/wp-content\/uploads\/2023\/08\/DSC00081-1024x1024.jpg\" class=\"attachment-large size-large wp-image-41\" alt=\"\" \/>\t\t\t\t\t\t\t\t\t\t\t\t\t\t\t<\/div>\n\t\t\t\t<\/div>\n\t\t\t\t\t<\/div>\n\t\t<\/div>\n\t\t\t\t<div class=\"elementor-column elementor-col-50 elementor-top-column elementor-element elementor-element-bc42c60\" data-id=\"bc42c60\" data-element_type=\"column\">\n\t\t\t<div class=\"elementor-widget-wrap elementor-element-populated\">\n\t\t\t\t\t\t\t\t<div class=\"elementor-element elementor-element-0073403 elementor-widget__width-initial elementor-widget elementor-widget-heading\" data-id=\"0073403\" data-element_type=\"widget\" data-widget_type=\"heading.default\">\n\t\t\t\t<div class=\"elementor-widget-container\">\n\t\t\t<h2 class=\"elementor-heading-title elementor-size-default\">Th\u1ea1c S\u0128. b\u00e1c s\u0129 n\u1ed9i tr\u00fa tr\u01b0\u01a1ng tr\u00ed khoa<\/h2>\t\t<\/div>\n\t\t\t\t<\/div>\n\t\t\t\t<div class=\"elementor-element elementor-element-60241e2 elementor-widget elementor-widget-text-editor\" data-id=\"60241e2\" data-element_type=\"widget\" data-widget_type=\"text-editor.default\">\n\t\t\t\t<div class=\"elementor-widget-container\">\n\t\t\t<style>\/*! elementor - v3.16.0 - 14-09-2023 *\/\n.elementor-widget-text-editor.elementor-drop-cap-view-stacked .elementor-drop-cap{background-color:#69727d;color:#fff}.elementor-widget-text-editor.elementor-drop-cap-view-framed .elementor-drop-cap{color:#69727d;border:3px solid;background-color:transparent}.elementor-widget-text-editor:not(.elementor-drop-cap-view-default) .elementor-drop-cap{margin-top:8px}.elementor-widget-text-editor:not(.elementor-drop-cap-view-default) .elementor-drop-cap-letter{width:1em;height:1em}.elementor-widget-text-editor .elementor-drop-cap{float:left;text-align:center;line-height:1;font-size:50px}.elementor-widget-text-editor .elementor-drop-cap-letter{display:inline-block}<\/style>\t\t\t\t<p>T\u1ed1t nghi\u1ec7p B\u00e1c s\u0129 n\u1ed9i tr\u00fa &#8211;&nbsp;<span style=\"background-color: var(--ast-global-color-5); color: var(--ast-global-color-3); font-size: 1rem;\">Th\u1ea1c s\u0129<\/span><span style=\"font-style: inherit; font-weight: inherit; background-color: var(--ast-global-color-5); color: var(--ast-global-color-3);\">&nbsp;&#8211; Chuy\u00ean khoa 1 \u0110\u1ea1i h\u1ecdc Y D\u01b0\u1ee3c TPHCM<\/span><\/p><p><span style=\"font-style: inherit; font-weight: inherit; background-color: var(--ast-global-color-5); color: var(--ast-global-color-3);\">Chuy\u00ean \u0111i\u1ec1u tr\u1ecb b\u1ec7nh l\u00fd c\u01a1 x\u01b0\u01a1ng kh\u1edbp, b\u1ec7nh kh\u1edbp t\u1ef1 mi\u1ec5n, b\u1ec7nh ng\u01b0\u1eddi cao tu\u1ed5i<\/span><\/p>\t\t\t\t\t\t<\/div>\n\t\t\t\t<\/div>\n\t\t\t\t\t<\/div>\n\t\t<\/div>\n\t\t\t\t\t\t\t<\/div>\n\t\t<\/section>\n\t\t\t\t\t\t\t<\/div>\n\t\t","protected":false},"excerpt":{"rendered":"<p>V\u1ec0 T\u00d4I Th\u1ea1c S\u0128. b\u00e1c s\u0129 n\u1ed9i tr\u00fa tr\u01b0\u01a1ng tr\u00ed khoa T\u1ed1t nghi\u1ec7p B\u00e1c s\u0129 n\u1ed9i tr\u00fa &#8211;&nbsp;Th\u1ea1c s\u0129&nbsp;&#8211; Chuy\u00ean khoa 1 \u0110\u1ea1i h\u1ecdc Y D\u01b0\u1ee3c TPHCM Chuy\u00ean \u0111i\u1ec1u tr\u1ecb b\u1ec7nh l\u00fd c\u01a1 x\u01b0\u01a1ng kh\u1edbp, b\u1ec7nh kh\u1edbp t\u1ef1 mi\u1ec5n, b\u1ec7nh ng\u01b0\u1eddi cao tu\u1ed5i<\/p>\n","protected":false},"author":1,"featured_media":0,"parent":0,"menu_order":0,"comment_status":"closed","ping_status":"closed","template":"","meta":{"_monsterinsights_skip_tracking":false,"_monsterinsights_sitenote_active":false,"_monsterinsights_sitenote_note":"","_monsterinsights_sitenote_category":0,"site-sidebar-layout":"no-sidebar","site-content-layout":"page-builder","ast-site-content-layout":"","site-content-style":"default","site-sidebar-style":"default","ast-global-header-display":"","ast-banner-title-visibility":"","ast-main-header-display":"","ast-hfb-above-header-display":"","ast-hfb-below-header-display":"","ast-hfb-mobile-header-display":"","site-post-title":"disabled","ast-breadcrumbs-content":"","ast-featured-img":"disabled","footer-sml-layout":"","theme-transparent-header-meta":"enabled","adv-header-id-meta":"","stick-header-meta":"","header-above-stick-meta":"","header-main-stick-meta":"","header-below-stick-meta":"","astra-migrate-meta-layouts":"","footnotes":""},"class_list":["post-1710","page","type-page","status-publish","hentry"],"aioseo_notices":[],"rttpg_featured_image_url":null,"rttpg_author":{"display_name":"Tr\u01b0\u01a1ng Tr\u00ed Khoa","author_link":"https:\/\/khoatritruong.com\/index.php\/author\/khoatritruong-com\/"},"rttpg_comment":0,"rttpg_category":null,"rttpg_excerpt":"V\u1ec0 T\u00d4I Th\u1ea1c S\u0128. b\u00e1c s\u0129 n\u1ed9i tr\u00fa tr\u01b0\u01a1ng tr\u00ed khoa T\u1ed1t nghi\u1ec7p B\u00e1c s\u0129 n\u1ed9i tr\u00fa &#8211;&nbsp;Th\u1ea1c s\u0129&nbsp;&#8211; Chuy\u00ean khoa 1 \u0110\u1ea1i h\u1ecdc Y D\u01b0\u1ee3c TPHCM Chuy\u00ean \u0111i\u1ec1u tr\u1ecb b\u1ec7nh l\u00fd c\u01a1 x\u01b0\u01a1ng kh\u1edbp, b\u1ec7nh kh\u1edbp t\u1ef1 mi\u1ec5n, b\u1ec7nh ng\u01b0\u1eddi cao tu\u1ed5i","_links":{"self":[{"href":"https:\/\/khoatritruong.com\/index.php\/wp-json\/wp\/v2\/pages\/1710"}],"collection":[{"href":"https:\/\/khoatritruong.com\/index.php\/wp-json\/wp\/v2\/pages"}],"about":[{"href":"https:\/\/khoatritruong.com\/index.php\/wp-json\/wp\/v2\/types\/page"}],"author":[{"embeddable":true,"href":"https:\/\/khoatritruong.com\/index.php\/wp-json\/wp\/v2\/users\/1"}],"replies":[{"embeddable":true,"href":"https:\/\/khoatritruong.com\/index.php\/wp-json\/wp\/v2\/comments?post=1710"}],"version-history":[{"count":46,"href":"https:\/\/khoatritruong.com\/index.php\/wp-json\/wp\/v2\/pages\/1710\/revisions"}],"predecessor-version":[{"id":2259,"href":"https:\/\/khoatritruong.com\/index.php\/wp-json\/wp\/v2\/pages\/1710\/revisions\/2259"}],"wp:attachment":[{"href":"https:\/\/khoatritruong.com\/index.php\/wp-json\/wp\/v2\/media?parent=1710"}],"curies":[{"name":"wp","href":"https:\/\/api.w.org\/{rel}","templated":true}]}}